{"id":1828,"date":"2024-03-14T16:11:31","date_gmt":"2024-03-14T15:11:31","guid":{"rendered":"http:\/\/renaudbaur.com\/?page_id=1828"},"modified":"2025-09-25T21:02:54","modified_gmt":"2025-09-25T19:02:54","slug":"bienvenue","status":"publish","type":"page","link":"https:\/\/renaudbaur.com\/?page_id=1828","title":{"rendered":"QUI SUIS-JE ?"},"content":{"rendered":"\n<figure class=\"wp-block-image size-large\"><a href=\"https:\/\/i0.wp.com\/renaudbaur.com\/wp-content\/uploads\/2025\/06\/BAN2025_2web-scaled.jpeg?ssl=1\"><img loading=\"lazy\" decoding=\"async\" width=\"764\" height=\"269\" data-attachment-id=\"2209\" data-permalink=\"https:\/\/renaudbaur.com\/?attachment_id=2209\" data-orig-file=\"https:\/\/i0.wp.com\/renaudbaur.com\/wp-content\/uploads\/2025\/06\/BAN2025_2web-scaled.jpeg?fit=2560%2C900&amp;ssl=1\" data-orig-size=\"2560,900\" data-comments-opened=\"0\" data-image-meta=\"{&quot;aperture&quot;:&quot;3.5&quot;,&quot;credit&quot;:&quot;&quot;,&quot;camera&quot;:&quot;Canon EOS 650D&quot;,&quot;caption&quot;:&quot;&quot;,&quot;created_timestamp&quot;:&quot;1728652798&quot;,&quot;copyright&quot;:&quot;&quot;,&quot;focal_length&quot;:&quot;18&quot;,&quot;iso&quot;:&quot;160&quot;,&quot;shutter_speed&quot;:&quot;0.033333333333333&quot;,&quot;title&quot;:&quot;&quot;,&quot;orientation&quot;:&quot;1&quot;}\" data-image-title=\"BAN2025_2web\" data-image-description=\"\" data-image-caption=\"\" data-medium-file=\"https:\/\/i0.wp.com\/renaudbaur.com\/wp-content\/uploads\/2025\/06\/BAN2025_2web-scaled.jpeg?fit=300%2C106&amp;ssl=1\" data-large-file=\"https:\/\/i0.wp.com\/renaudbaur.com\/wp-content\/uploads\/2025\/06\/BAN2025_2web-scaled.jpeg?fit=764%2C269&amp;ssl=1\" tabindex=\"0\" role=\"button\" src=\"https:\/\/i0.wp.com\/renaudbaur.com\/wp-content\/uploads\/2025\/06\/BAN2025_2web.jpeg?resize=764%2C269&#038;ssl=1\" alt=\"\" class=\"wp-image-2209\" srcset=\"https:\/\/i0.wp.com\/renaudbaur.com\/wp-content\/uploads\/2025\/06\/BAN2025_2web-scaled.jpeg?resize=1024%2C360&amp;ssl=1 1024w, https:\/\/i0.wp.com\/renaudbaur.com\/wp-content\/uploads\/2025\/06\/BAN2025_2web-scaled.jpeg?resize=300%2C106&amp;ssl=1 300w, https:\/\/i0.wp.com\/renaudbaur.com\/wp-content\/uploads\/2025\/06\/BAN2025_2web-scaled.jpeg?resize=768%2C270&amp;ssl=1 768w, https:\/\/i0.wp.com\/renaudbaur.com\/wp-content\/uploads\/2025\/06\/BAN2025_2web-scaled.jpeg?resize=1536%2C540&amp;ssl=1 1536w, https:\/\/i0.wp.com\/renaudbaur.com\/wp-content\/uploads\/2025\/06\/BAN2025_2web-scaled.jpeg?resize=2048%2C720&amp;ssl=1 2048w, https:\/\/i0.wp.com\/renaudbaur.com\/wp-content\/uploads\/2025\/06\/BAN2025_2web-scaled.jpeg?w=2292&amp;ssl=1 2292w\" sizes=\"(max-width: 764px) 100vw, 764px\" data-recalc-dims=\"1\" \/><\/a><\/figure>\n\n\n\n<p>Artiste pluridisciplinaire, dipl\u00f4m\u00e9 des beaux-arts de Paris, je me sp\u00e9cialise dans les constructions en volume et en mat\u00e9riaux de r\u00e9cup\u00e9ration. <\/p>\n\n\n\n<figure class=\"wp-block-image size-large\"><a href=\"https:\/\/i0.wp.com\/renaudbaur.com\/wp-content\/uploads\/2024\/10\/LM.jpg?ssl=1\"><img loading=\"lazy\" decoding=\"async\" width=\"764\" height=\"276\" data-attachment-id=\"2174\" data-permalink=\"https:\/\/renaudbaur.com\/?attachment_id=2174\" data-orig-file=\"https:\/\/i0.wp.com\/renaudbaur.com\/wp-content\/uploads\/2024\/10\/LM.jpg?fit=1757%2C635&amp;ssl=1\" data-orig-size=\"1757,635\" data-comments-opened=\"0\" data-image-meta=\"{&quot;aperture&quot;:&quot;0&quot;,&quot;credit&quot;:&quot;&quot;,&quot;camera&quot;:&quot;&quot;,&quot;caption&quot;:&quot;&quot;,&quot;created_timestamp&quot;:&quot;0&quot;,&quot;copyright&quot;:&quot;&quot;,&quot;focal_length&quot;:&quot;0&quot;,&quot;iso&quot;:&quot;0&quot;,&quot;shutter_speed&quot;:&quot;0&quot;,&quot;title&quot;:&quot;&quot;,&quot;orientation&quot;:&quot;1&quot;}\" data-image-title=\"LM\" data-image-description=\"\" data-image-caption=\"\" data-medium-file=\"https:\/\/i0.wp.com\/renaudbaur.com\/wp-content\/uploads\/2024\/10\/LM.jpg?fit=300%2C108&amp;ssl=1\" data-large-file=\"https:\/\/i0.wp.com\/renaudbaur.com\/wp-content\/uploads\/2024\/10\/LM.jpg?fit=764%2C276&amp;ssl=1\" tabindex=\"0\" role=\"button\" src=\"https:\/\/i0.wp.com\/renaudbaur.com\/wp-content\/uploads\/2024\/10\/LM.jpg?resize=764%2C276&#038;ssl=1\" alt=\"\" class=\"wp-image-2174\" srcset=\"https:\/\/i0.wp.com\/renaudbaur.com\/wp-content\/uploads\/2024\/10\/LM.jpg?resize=1024%2C370&amp;ssl=1 1024w, https:\/\/i0.wp.com\/renaudbaur.com\/wp-content\/uploads\/2024\/10\/LM.jpg?resize=300%2C108&amp;ssl=1 300w, https:\/\/i0.wp.com\/renaudbaur.com\/wp-content\/uploads\/2024\/10\/LM.jpg?resize=768%2C278&amp;ssl=1 768w, https:\/\/i0.wp.com\/renaudbaur.com\/wp-content\/uploads\/2024\/10\/LM.jpg?resize=1536%2C555&amp;ssl=1 1536w, https:\/\/i0.wp.com\/renaudbaur.com\/wp-content\/uploads\/2024\/10\/LM.jpg?w=1757&amp;ssl=1 1757w\" sizes=\"(max-width: 764px) 100vw, 764px\" data-recalc-dims=\"1\" \/><\/a><\/figure>\n\n\n\n<p>En 2020, je participe avec mon amie Marguerite \u00e0 la toute premi\u00e8re saison de l\u2019\u00e9mission Lego Masters. Au cours des sept \u00e9preuves qui nous ont men\u00e9es jusqu\u2019en demi-finale, notre duo s\u2019est plusieurs fois distingu\u00e9 par son esprit cr\u00e9atif, dr\u00f4le et d\u00e9jant\u00e9.\u00a0<\/p>\n\n\n\n<p>Depuis 2021, je partage ma passion pour la construction en Lego en concevant et en animant des ateliers cr\u00e9atifs pour tous les \u00e2ges.<\/p>\n\n\n\n<p><strong>CONTACTEZ-MOI <\/strong>:<\/p>\n\n\n\n<p><a href=\"mailto:hello@renaudbaur.com\">hello[@]renaudbaur.com<\/a><\/p>\n\n\n\n<p>+33 6 62 43 14 52<\/p>\n","protected":false},"excerpt":{"rendered":"<p>Artiste pluridisciplinaire, dipl\u00f4m\u00e9 des beaux-arts de Paris, je me sp\u00e9cialise dans les constructions en volume et en mat\u00e9riaux de r\u00e9cup\u00e9ration. En 2020, je participe avec mon amie Marguerite \u00e0 la toute premi\u00e8re saison de l\u2019\u00e9mission Lego Masters. Au cours des sept \u00e9preuves qui nous ont men\u00e9es jusqu\u2019en demi-finale, notre duo s\u2019est plusieurs fois distingu\u00e9 par [&hellip;]<\/p>\n","protected":false},"author":1,"featured_media":0,"parent":0,"menu_order":0,"comment_status":"closed","ping_status":"closed","template":"","meta":{"jetpack_post_was_ever_published":false,"footnotes":""},"tags":[],"jetpack_sharing_enabled":true,"jetpack_shortlink":"https:\/\/wp.me\/P8klfo-tu","_links":{"self":[{"href":"https:\/\/renaudbaur.com\/index.php?rest_route=\/wp\/v2\/pages\/1828"}],"collection":[{"href":"https:\/\/renaudbaur.com\/index.php?rest_route=\/wp\/v2\/pages"}],"about":[{"href":"https:\/\/renaudbaur.com\/index.php?rest_route=\/wp\/v2\/types\/page"}],"author":[{"embeddable":true,"href":"https:\/\/renaudbaur.com\/index.php?rest_route=\/wp\/v2\/users\/1"}],"replies":[{"embeddable":true,"href":"https:\/\/renaudbaur.com\/index.php?rest_route=%2Fwp%2Fv2%2Fcomments&post=1828"}],"version-history":[{"count":22,"href":"https:\/\/renaudbaur.com\/index.php?rest_route=\/wp\/v2\/pages\/1828\/revisions"}],"predecessor-version":[{"id":2320,"href":"https:\/\/renaudbaur.com\/index.php?rest_route=\/wp\/v2\/pages\/1828\/revisions\/2320"}],"wp:attachment":[{"href":"https:\/\/renaudbaur.com\/index.php?rest_route=%2Fwp%2Fv2%2Fmedia&parent=1828"}],"wp:term":[{"taxonomy":"post_tag","embeddable":true,"href":"https:\/\/renaudbaur.com\/index.php?rest_route=%2Fwp%2Fv2%2Ftags&post=1828"}],"curies":[{"name":"wp","href":"https:\/\/api.w.org\/{rel}","templated":true}]}}