{"id":2375,"date":"2026-02-04T14:48:00","date_gmt":"2026-02-04T13:48:00","guid":{"rendered":"https:\/\/renaudbaur.com\/?page_id=2375"},"modified":"2026-02-04T14:51:17","modified_gmt":"2026-02-04T13:51:17","slug":"lego_a_emporter","status":"publish","type":"page","link":"https:\/\/renaudbaur.com\/?page_id=2375","title":{"rendered":"Souvenirs"},"content":{"rendered":"\n<p>Les enfants construisent un mod\u00e8le et repartent avec leur cr\u00e9ation<\/p>\n\n\n\n<figure class=\"wp-block-image size-large\"><a href=\"https:\/\/i0.wp.com\/renaudbaur.com\/wp-content\/uploads\/2026\/02\/2026_Nangy.jpg?ssl=1\"><img loading=\"lazy\" decoding=\"async\" width=\"764\" height=\"254\" data-attachment-id=\"2376\" data-permalink=\"https:\/\/renaudbaur.com\/?attachment_id=2376\" data-orig-file=\"https:\/\/i0.wp.com\/renaudbaur.com\/wp-content\/uploads\/2026\/02\/2026_Nangy.jpg?fit=1800%2C600&amp;ssl=1\" data-orig-size=\"1800,600\" data-comments-opened=\"0\" data-image-meta=\"{&quot;aperture&quot;:&quot;0&quot;,&quot;credit&quot;:&quot;&quot;,&quot;camera&quot;:&quot;&quot;,&quot;caption&quot;:&quot;&quot;,&quot;created_timestamp&quot;:&quot;0&quot;,&quot;copyright&quot;:&quot;&quot;,&quot;focal_length&quot;:&quot;0&quot;,&quot;iso&quot;:&quot;0&quot;,&quot;shutter_speed&quot;:&quot;0&quot;,&quot;title&quot;:&quot;&quot;,&quot;orientation&quot;:&quot;1&quot;}\" data-image-title=\"2026_Nangy\" data-image-description=\"\" data-image-caption=\"\" data-medium-file=\"https:\/\/i0.wp.com\/renaudbaur.com\/wp-content\/uploads\/2026\/02\/2026_Nangy.jpg?fit=300%2C100&amp;ssl=1\" data-large-file=\"https:\/\/i0.wp.com\/renaudbaur.com\/wp-content\/uploads\/2026\/02\/2026_Nangy.jpg?fit=764%2C254&amp;ssl=1\" tabindex=\"0\" role=\"button\" src=\"https:\/\/i0.wp.com\/renaudbaur.com\/wp-content\/uploads\/2026\/02\/2026_Nangy.jpg?resize=764%2C254&#038;ssl=1\" alt=\"\" class=\"wp-image-2376\" srcset=\"https:\/\/i0.wp.com\/renaudbaur.com\/wp-content\/uploads\/2026\/02\/2026_Nangy.jpg?resize=1024%2C341&amp;ssl=1 1024w, https:\/\/i0.wp.com\/renaudbaur.com\/wp-content\/uploads\/2026\/02\/2026_Nangy.jpg?resize=300%2C100&amp;ssl=1 300w, https:\/\/i0.wp.com\/renaudbaur.com\/wp-content\/uploads\/2026\/02\/2026_Nangy.jpg?resize=768%2C256&amp;ssl=1 768w, https:\/\/i0.wp.com\/renaudbaur.com\/wp-content\/uploads\/2026\/02\/2026_Nangy.jpg?resize=1536%2C512&amp;ssl=1 1536w, https:\/\/i0.wp.com\/renaudbaur.com\/wp-content\/uploads\/2026\/02\/2026_Nangy.jpg?w=1800&amp;ssl=1 1800w\" sizes=\"(max-width: 764px) 100vw, 764px\" data-recalc-dims=\"1\" \/><\/a><\/figure>\n\n\n\n<p><strong>Ateliers cl\u00e9s en main<\/strong><br>Animation encadr\u00e9e avec mod\u00e8les originaux<\/p>\n\n\n\n<p><strong>Objets-souvenirs personnalis\u00e9s<\/strong><br>Cr\u00e9ations adapt\u00e9es \u00e0 votre \u00e9v\u00e9nement<\/p>\n\n\n\n<p><strong>Cr\u00e9ations sur mesure<\/strong><br>Maquettes, b\u00e2timents, objets symboliques<\/p>\n\n\n\n<p>Je propose des ateliers LEGO cl\u00e9s en main, pens\u00e9s comme des exp\u00e9riences cr\u00e9atives et accessibles, o\u00f9 chaque enfant construit un mod\u00e8le original et repart avec sa cr\u00e9ation.<\/p>\n","protected":false},"excerpt":{"rendered":"<p>Les enfants construisent un mod\u00e8le et repartent avec leur cr\u00e9ation Ateliers cl\u00e9s en mainAnimation encadr\u00e9e avec mod\u00e8les originaux Objets-souvenirs personnalis\u00e9sCr\u00e9ations adapt\u00e9es \u00e0 votre \u00e9v\u00e9nement Cr\u00e9ations sur mesureMaquettes, b\u00e2timents, objets symboliques Je propose des ateliers LEGO cl\u00e9s en main, pens\u00e9s comme des exp\u00e9riences cr\u00e9atives et accessibles, o\u00f9 chaque enfant construit un mod\u00e8le original et repart avec [&hellip;]<\/p>\n","protected":false},"author":1,"featured_media":0,"parent":0,"menu_order":0,"comment_status":"closed","ping_status":"closed","template":"","meta":{"jetpack_post_was_ever_published":false,"footnotes":""},"tags":[],"jetpack_sharing_enabled":true,"jetpack_shortlink":"https:\/\/wp.me\/P8klfo-Cj","_links":{"self":[{"href":"https:\/\/renaudbaur.com\/index.php?rest_route=\/wp\/v2\/pages\/2375"}],"collection":[{"href":"https:\/\/renaudbaur.com\/index.php?rest_route=\/wp\/v2\/pages"}],"about":[{"href":"https:\/\/renaudbaur.com\/index.php?rest_route=\/wp\/v2\/types\/page"}],"author":[{"embeddable":true,"href":"https:\/\/renaudbaur.com\/index.php?rest_route=\/wp\/v2\/users\/1"}],"replies":[{"embeddable":true,"href":"https:\/\/renaudbaur.com\/index.php?rest_route=%2Fwp%2Fv2%2Fcomments&post=2375"}],"version-history":[{"count":3,"href":"https:\/\/renaudbaur.com\/index.php?rest_route=\/wp\/v2\/pages\/2375\/revisions"}],"predecessor-version":[{"id":2384,"href":"https:\/\/renaudbaur.com\/index.php?rest_route=\/wp\/v2\/pages\/2375\/revisions\/2384"}],"wp:attachment":[{"href":"https:\/\/renaudbaur.com\/index.php?rest_route=%2Fwp%2Fv2%2Fmedia&parent=2375"}],"wp:term":[{"taxonomy":"post_tag","embeddable":true,"href":"https:\/\/renaudbaur.com\/index.php?rest_route=%2Fwp%2Fv2%2Ftags&post=2375"}],"curies":[{"name":"wp","href":"https:\/\/api.w.org\/{rel}","templated":true}]}}